{"id":13919,"date":"2020-04-12T18:05:48","date_gmt":"2020-04-12T18:05:48","guid":{"rendered":"https:\/\/drahmedshamel.com\/nos-medecins\/"},"modified":"2023-01-18T20:03:45","modified_gmt":"2023-01-18T20:03:45","slug":"nos-medecins","status":"publish","type":"page","link":"https:\/\/drahmedshamel.com\/fr\/nos-medecins\/","title":{"rendered":"Nos m\u00e9decins"},"content":{"rendered":"\t\t<div data-elementor-type=\"wp-page\" data-elementor-id=\"13919\" class=\"elementor elementor-13919 elementor-12914\">\n\t\t\t\t\t\t\t\t\t<section class=\"elementor-section elementor-top-section elementor-element elementor-element-1e7220c elementor-section-boxed elementor-section-height-default elementor-section-height-default\" data-id=\"1e7220c\" data-element_type=\"section\">\n\t\t\t\t\t\t<div class=\"elementor-container elementor-column-gap-default\">\n\t\t\t\t\t<div class=\"elementor-column elementor-col-100 elementor-top-column elementor-element elementor-element-96bd31c\" data-id=\"96bd31c\" data-element_type=\"column\">\n\t\t\t<div class=\"elementor-widget-wrap elementor-element-populated\">\n\t\t\t\t\t\t\t\t<div class=\"elementor-element elementor-element-9e28b22 elementor-widget elementor-widget-ci_team_post\" data-id=\"9e28b22\" data-element_type=\"widget\" data-widget_type=\"ci_team_post.default\">\n\t\t\t\t<div class=\"elementor-widget-container\">\n\t\t\t<div class=\"row justify-content-md-center elementor-ci-team-post \">\t\t\t\t<div class=\"col-10 col-sm-6 col-lg-4 m-auto\">\n\t\t\t\t\t<div id=\"post-14104\" class=\"each-team-member post-14104 team type-team status-publish has-post-thumbnail hentry team_category-doctor\">\n\n\t\t\t\t\t\t\n\t\t\t\t\t\t\t<a href=\"https:\/\/drahmedshamel.com\/fr\/team\/dr-ahmed-shamel\/\" class=\"memeber_image team-overley\">\n\t\t\t\t\t\t\n\n\t\t\t\t\t\t\t<img decoding=\"async\" src=\"https:\/\/drahmedshamel.com\/wp-content\/uploads\/2023\/01\/15-325x330.jpeg\" alt=\"Dr. Ahmed Shamel\">\n\t\t\t\t\t\t\t<\/a>\n\t\t\t\t\t\t\t<ul class=\"team-single-social-links mb-0\">\n                                \t\t\t\t\t\t\n\t\t\t\t\t\t\t<\/ul>\n\n\t\t\t\t\t\t\t\t\t\t\t\t<div class=\"post-cat\"><a href=\"https:\/\/drahmedshamel.com\/team_category\/doctor\/\">Doctor<\/a> <span><\/span> <\/div>\n\t\t\t\t\t\t<div class=\"ci-team-wrapper\">\n\t\t\t\t\t\t\t<h3>\n\t\t\t\t\t\t\t<a href=\"https:\/\/drahmedshamel.com\/fr\/team\/dr-ahmed-shamel\/\">Dr. Ahmed Shamel<\/a>\n\t\t\t\t\t\t\t<\/h3>\n\t\t\t\t\t\t\t<a class=\"km\" href=\"https:\/\/drahmedshamel.com\/fr\/team\/dr-ahmed-shamel\/\">Know More<span class=\"ti-arrow-right\"><\/span><\/a>\n\n\t\t\t\t\t\t<\/div>\n\n\n\n\t\t\t\t\t<\/div>\n\n\t\t\t\t<\/div>\n\t\t\t\t<\/div>\t\t<\/div>\n\t\t\t\t<\/div>\n\t\t\t\t\t<\/div>\n\t\t<\/div>\n\t\t\t\t\t\t\t<\/div>\n\t\t<\/section>\n\t\t\t\t<section class=\"elementor-section elementor-top-section elementor-element elementor-element-3560428 elementor-section-boxed elementor-section-height-default elementor-section-height-default\" data-id=\"3560428\" data-element_type=\"section\" data-settings=\"{&quot;background_background&quot;:&quot;classic&quot;}\">\n\t\t\t\t\t\t\t<div class=\"elementor-background-overlay\"><\/div>\n\t\t\t\t\t\t\t<div class=\"elementor-container elementor-column-gap-default\">\n\t\t\t\t\t<div class=\"elementor-column elementor-col-100 elementor-top-column elementor-element elementor-element-b725a66\" data-id=\"b725a66\" data-element_type=\"column\">\n\t\t\t<div class=\"elementor-widget-wrap elementor-element-populated\">\n\t\t\t\t\t\t\t\t<section class=\"elementor-section elementor-inner-section elementor-element elementor-element-5e7dad4 elementor-section-boxed elementor-section-height-default elementor-section-height-default\" data-id=\"5e7dad4\" data-element_type=\"section\">\n\t\t\t\t\t\t<div class=\"elementor-container elementor-column-gap-default\">\n\t\t\t\t\t<div class=\"elementor-column elementor-col-50 elementor-inner-column elementor-element elementor-element-17917ff\" data-id=\"17917ff\" data-element_type=\"column\">\n\t\t\t<div class=\"elementor-widget-wrap\">\n\t\t\t\t\t\t\t\t\t<\/div>\n\t\t<\/div>\n\t\t\t\t<div class=\"elementor-column elementor-col-50 elementor-inner-column elementor-element elementor-element-6d7a86f\" data-id=\"6d7a86f\" data-element_type=\"column\" data-settings=\"{&quot;background_background&quot;:&quot;classic&quot;}\">\n\t\t\t<div class=\"elementor-widget-wrap elementor-element-populated\">\n\t\t\t\t\t<div class=\"elementor-background-overlay\"><\/div>\n\t\t\t\t\t\t\t\t<div class=\"elementor-element elementor-element-72aa41c elementor-widget elementor-widget-ci_heading\" data-id=\"72aa41c\" data-element_type=\"widget\" data-widget_type=\"ci_heading.default\">\n\t\t\t\t<div class=\"elementor-widget-container\">\n\t\t\t<div class=\"section-title\"><span class=\"small-title\" >24\/7 online Support<\/span><h2\n\t\tclass=\"heading-title\">\n\n\t\tHaving An In-house Team Of Expert.\n\n\t\t<\/h2><\/div>\t\t<\/div>\n\t\t\t\t<\/div>\n\t\t\t\t<div class=\"elementor-element elementor-element-012f50c elementor-widget elementor-widget-text-editor\" data-id=\"012f50c\" data-element_type=\"widget\" data-widget_type=\"text-editor.default\">\n\t\t\t\t<div class=\"elementor-widget-container\">\n\t\t\t<style>\/*! elementor - v3.18.0 - 06-12-2023 *\/\n.elementor-widget-text-editor.elementor-drop-cap-view-stacked .elementor-drop-cap{background-color:#69727d;color:#fff}.elementor-widget-text-editor.elementor-drop-cap-view-framed .elementor-drop-cap{color:#69727d;border:3px solid;background-color:transparent}.elementor-widget-text-editor:not(.elementor-drop-cap-view-default) .elementor-drop-cap{margin-top:8px}.elementor-widget-text-editor:not(.elementor-drop-cap-view-default) .elementor-drop-cap-letter{width:1em;height:1em}.elementor-widget-text-editor .elementor-drop-cap{float:right;text-align:center;line-height:1;font-size:50px}.elementor-widget-text-editor .elementor-drop-cap-letter{display:inline-block}<\/style>\t\t\t\t<p>Disposer d&rsquo;une \u00e9quipe interne de r\u00e9dacteurs et d&rsquo;\u00e9diteurs m\u00e9dicaux experts fait toute la diff\u00e9rence en termes d&rsquo;obtention.<\/p>\n\t\t\t\t\t\t<\/div>\n\t\t\t\t<\/div>\n\t\t\t\t<div class=\"elementor-element elementor-element-5b1c015 elementor-view-stacked elementor-position-left elementor-shape-circle elementor-mobile-position-top elementor-vertical-align-top elementor-invisible elementor-widget elementor-widget-icon-box\" data-id=\"5b1c015\" data-element_type=\"widget\" data-settings=\"{&quot;_animation&quot;:&quot;fadeInUp&quot;}\" data-widget_type=\"icon-box.default\">\n\t\t\t\t<div class=\"elementor-widget-container\">\n\t\t\t<link rel=\"stylesheet\" href=\"https:\/\/drahmedshamel.com\/wp-content\/plugins\/elementor\/assets\/css\/widget-icon-box-rtl.min.css\">\t\t<div class=\"elementor-icon-box-wrapper\">\n\t\t\t\t\t\t<div class=\"elementor-icon-box-icon\">\n\t\t\t\t<span  class=\"elementor-icon elementor-animation-\">\n\t\t\t\t<i aria-hidden=\"true\" class=\"flaticon flaticon-customer-service-1\"><\/i>\t\t\t\t<\/span>\n\t\t\t<\/div>\n\t\t\t\t\t\t<div class=\"elementor-icon-box-content\">\n\t\t\t\t<h3 class=\"elementor-icon-box-title\">\n\t\t\t\t\t<span  >\n\t\t\t\t\t\tOp\u00e9ration d'urgence\t\t\t\t\t<\/span>\n\t\t\t\t<\/h3>\n\t\t\t\t\t\t\t\t\t<p class=\"elementor-icon-box-description\">\n\t\t\t\t\t\tLe m\u00e9dical fait toute la diff\u00e9rence pour l'obtention de votre ess. Lorem ipsum dolor sit amet, consectetur adipisicing elit.\t\t\t\t\t<\/p>\n\t\t\t\t\t\t\t<\/div>\n\t\t<\/div>\n\t\t\t\t<\/div>\n\t\t\t\t<\/div>\n\t\t\t\t<div class=\"elementor-element elementor-element-c1ef6f8 elementor-view-stacked elementor-position-left elementor-shape-circle elementor-mobile-position-top elementor-vertical-align-top elementor-invisible elementor-widget elementor-widget-icon-box\" data-id=\"c1ef6f8\" data-element_type=\"widget\" data-settings=\"{&quot;_animation&quot;:&quot;fadeInUp&quot;}\" data-widget_type=\"icon-box.default\">\n\t\t\t\t<div class=\"elementor-widget-container\">\n\t\t\t\t\t<div class=\"elementor-icon-box-wrapper\">\n\t\t\t\t\t\t<div class=\"elementor-icon-box-icon\">\n\t\t\t\t<span  class=\"elementor-icon elementor-animation-\">\n\t\t\t\t<i aria-hidden=\"true\" class=\"flaticon flaticon-kidney\"><\/i>\t\t\t\t<\/span>\n\t\t\t<\/div>\n\t\t\t\t\t\t<div class=\"elementor-icon-box-content\">\n\t\t\t\t<h3 class=\"elementor-icon-box-title\">\n\t\t\t\t\t<span  >\n\t\t\t\t\t\tExamen des reins\t\t\t\t\t<\/span>\n\t\t\t\t<\/h3>\n\t\t\t\t\t\t\t\t\t<p class=\"elementor-icon-box-description\">\n\t\t\t\t\t\tFaire un don en nature fait toute la diff\u00e9rence en termes d'obtention de votre ess. Lorem ipsum dolor sit amet, consectetur adipisicing elit.\t\t\t\t\t<\/p>\n\t\t\t\t\t\t\t<\/div>\n\t\t<\/div>\n\t\t\t\t<\/div>\n\t\t\t\t<\/div>\n\t\t\t\t\t<\/div>\n\t\t<\/div>\n\t\t\t\t\t\t\t<\/div>\n\t\t<\/section>\n\t\t\t\t\t<\/div>\n\t\t<\/div>\n\t\t\t\t\t\t\t<\/div>\n\t\t<\/section>\n\t\t\t\t\t\t\t<\/div>\n\t\t","protected":false},"excerpt":{"rendered":"<p>Doctor Sajib Talukder Know More Doctor Rosalina D. William Know More Doctor Lionel Messi Know More Doctor Dr. Ahmed Shamel Know More Doctor Daddy Yankee Limbo Know More 24\/7 online Support Having An In-house Team Of Expert. Disposer d&rsquo;une \u00e9quipe interne de r\u00e9dacteurs et d&rsquo;\u00e9diteurs m\u00e9dicaux experts fait toute la &#8230;<\/p>\n","protected":false},"author":1,"featured_media":0,"parent":0,"menu_order":0,"comment_status":"closed","ping_status":"closed","template":"elementor_header_footer","meta":{"_mi_skip_tracking":false,"_monsterinsights_sitenote_active":false,"_monsterinsights_sitenote_note":"","_monsterinsights_sitenote_category":0,"footnotes":""},"class_list":["post-13919","page","type-page","status-publish","hentry"],"aioseo_notices":[],"_links":{"self":[{"href":"https:\/\/drahmedshamel.com\/fr\/wp-json\/wp\/v2\/pages\/13919","targetHints":{"allow":["GET"]}}],"collection":[{"href":"https:\/\/drahmedshamel.com\/fr\/wp-json\/wp\/v2\/pages"}],"about":[{"href":"https:\/\/drahmedshamel.com\/fr\/wp-json\/wp\/v2\/types\/page"}],"author":[{"embeddable":true,"href":"https:\/\/drahmedshamel.com\/fr\/wp-json\/wp\/v2\/users\/1"}],"replies":[{"embeddable":true,"href":"https:\/\/drahmedshamel.com\/fr\/wp-json\/wp\/v2\/comments?post=13919"}],"version-history":[{"count":1,"href":"https:\/\/drahmedshamel.com\/fr\/wp-json\/wp\/v2\/pages\/13919\/revisions"}],"predecessor-version":[{"id":13927,"href":"https:\/\/drahmedshamel.com\/fr\/wp-json\/wp\/v2\/pages\/13919\/revisions\/13927"}],"wp:attachment":[{"href":"https:\/\/drahmedshamel.com\/fr\/wp-json\/wp\/v2\/media?parent=13919"}],"curies":[{"name":"wp","href":"https:\/\/api.w.org\/{rel}","templated":true}]}}